{"id":105,"date":"2022-12-28T18:57:56","date_gmt":"2022-12-28T18:57:56","guid":{"rendered":"https:\/\/www.globalsegurosmexico.com.mx\/?page_id=105"},"modified":"2025-02-02T19:04:31","modified_gmt":"2025-02-02T19:04:31","slug":"privacidad","status":"publish","type":"page","link":"https:\/\/www.globalsegurosmexico.com.mx\/index.php\/privacidad\/","title":{"rendered":"Privacidad"},"content":{"rendered":"<p>[et_pb_section fb_built=&#8221;1&#8243; fullwidth=&#8221;on&#8221; admin_label=&#8221;Page Header&#8221; _builder_version=&#8221;4.16&#8243; background_image=&#8221;https:\/\/www.globalsegurosmexico.com.mx\/wp-content\/uploads\/2022\/12\/business-12.jpg&#8221; parallax=&#8221;on&#8221; animation_direction=&#8221;top&#8221; global_colors_info=&#8221;{}&#8221;][et_pb_fullwidth_header title=&#8221;AVISO DE PRIVACIDAD&#8221; text_orientation=&#8221;center&#8221; title_tablet=&#8221;AVISO DE PRIVACIDAD&#8221; title_phone=&#8221;AVISO DE PRIVACIDAD&#8221; title_last_edited=&#8221;on|phone&#8221; subhead_tablet=&#8221;INFORMACI\u00d3N PERSONAL&#8221; subhead_phone=&#8221;INFORMACI\u00d3N PERSONAL&#8221; subhead_last_edited=&#8221;on|tablet&#8221; admin_label=&#8221;Hero Section&#8221; _builder_version=&#8221;4.27.4&#8243; title_font=&#8221;Montserrat|on|||&#8221; title_font_size=&#8221;37px&#8221; title_line_height=&#8221;1.4em&#8221; content_line_height=&#8221;1.8em&#8221; subhead_font=&#8221;||||&#8221; background_color=&#8221;rgba(255, 255, 255, 0)&#8221; use_background_color_gradient=&#8221;on&#8221; background_color_gradient_stops=&#8221;rgba(58,52,226,0.93) 0%|rgba(73,108,220,0.7) 100%&#8221; background_color_gradient_start=&#8221;rgba(58,52,226,0.93)&#8221; background_color_gradient_end=&#8221;rgba(73,108,220,0.7)&#8221; background_size=&#8221;initial&#8221; background_position=&#8221;top_left&#8221; background_repeat=&#8221;repeat&#8221; custom_button_one=&#8221;on&#8221; button_one_text_size=&#8221;16px&#8221; button_one_bg_color=&#8221;#6eba01&#8243; button_one_border_width=&#8221;2px&#8221; button_one_border_color=&#8221;#6eba01&#8243; button_one_border_radius=&#8221;0&#8243; button_one_letter_spacing=&#8221;2&#8243; button_one_font=&#8221;Montserrat|||on|&#8221; button_one_use_icon=&#8221;off&#8221; custom_button_two=&#8221;on&#8221; button_two_text_size=&#8221;16px&#8221; button_two_border_width=&#8221;2px&#8221; button_two_border_color=&#8221;#ffffff&#8221; button_two_border_radius=&#8221;0&#8243; button_two_letter_spacing=&#8221;2&#8243; button_two_font=&#8221;Montserrat|||on|&#8221; button_two_use_icon=&#8221;off&#8221; module_alignment=&#8221;left&#8221; min_height=&#8221;169.2px&#8221; custom_padding=&#8221;0px||0px|||&#8221; animation_style=&#8221;fade&#8221; hover_enabled=&#8221;0&#8243; button_one_text_color_hover=&#8221;#6eba01&#8243; button_two_text_color_hover=&#8221;#6eba01&#8243; button_one_border_color_hover=&#8221;#ffffff&#8221; button_two_border_color_hover=&#8221;#ffffff&#8221; button_one_border_radius_hover=&#8221;0&#8243; button_two_border_radius_hover=&#8221;0&#8243; button_one_letter_spacing_hover=&#8221;2&#8243; button_two_letter_spacing_hover=&#8221;2&#8243; button_one_bg_color_hover=&#8221;#ffffff&#8221; button_two_bg_color_hover=&#8221;#ffffff&#8221; global_colors_info=&#8221;{}&#8221; button_one_text_size__hover_enabled=&#8221;off&#8221; button_two_text_size__hover_enabled=&#8221;off&#8221; button_one_text_color__hover_enabled=&#8221;on&#8221; button_one_text_color__hover=&#8221;#6eba01&#8243; button_two_text_color__hover_enabled=&#8221;on&#8221; button_two_text_color__hover=&#8221;#6eba01&#8243; button_one_border_width__hover_enabled=&#8221;off&#8221; button_two_border_width__hover_enabled=&#8221;off&#8221; button_one_border_color__hover_enabled=&#8221;on&#8221; button_one_border_color__hover=&#8221;#ffffff&#8221; button_two_border_color__hover_enabled=&#8221;on&#8221; button_two_border_color__hover=&#8221;#ffffff&#8221; button_one_border_radius__hover_enabled=&#8221;on&#8221; button_one_border_radius__hover=&#8221;0&#8243; button_two_border_radius__hover_enabled=&#8221;on&#8221; button_two_border_radius__hover=&#8221;0&#8243; button_one_letter_spacing__hover_enabled=&#8221;on&#8221; button_one_letter_spacing__hover=&#8221;2&#8243; button_two_letter_spacing__hover_enabled=&#8221;on&#8221; button_two_letter_spacing__hover=&#8221;2&#8243; button_one_bg_color__hover_enabled=&#8221;on&#8221; button_one_bg_color__hover=&#8221;#ffffff&#8221; button_two_bg_color__hover_enabled=&#8221;on&#8221; button_two_bg_color__hover=&#8221;#ffffff&#8221; title_level=&#8221;h2&#8243; sticky_enabled=&#8221;0&#8243; subhead=&#8221;INFORMACI\u00d3N PERSONAL&#8221; title_text_align=&#8221;center&#8221; subhead_font_size=&#8221;26px&#8221; subhead_letter_spacing=&#8221;3px&#8221; custom_margin=&#8221;||3px|||&#8221;]<\/p>\n<p style=\"text-align: center;\"><strong>USO QUE SE LE DARA A LA INFORMACI\u00d3N PERSONAL.<\/strong><\/p>\n<p style=\"text-align: justify;\">[\/et_pb_fullwidth_header][\/et_pb_section][et_pb_section fb_built=&#8221;1&#8243; theme_builder_area=&#8221;post_content&#8221; _builder_version=&#8221;4.27.4&#8243; _module_preset=&#8221;default&#8221; custom_padding=&#8221;0px||36px|||&#8221; min_height=&#8221;733.9px&#8221; custom_margin=&#8221;||-40px|||&#8221;][et_pb_row _builder_version=&#8221;4.27.4&#8243; _module_preset=&#8221;default&#8221; theme_builder_area=&#8221;post_content&#8221; min_height=&#8221;762.9px&#8221;][et_pb_column _builder_version=&#8221;4.27.4&#8243; _module_preset=&#8221;default&#8221; type=&#8221;4_4&#8243; theme_builder_area=&#8221;post_content&#8221;][et_pb_text _builder_version=&#8221;4.27.4&#8243; _module_preset=&#8221;default&#8221; theme_builder_area=&#8221;post_content&#8221; hover_enabled=&#8221;0&#8243; sticky_enabled=&#8221;0&#8243; min_height=&#8221;115px&#8221;]<\/p>\n<p style=\"text-align: justify;\"><strong>EN EL CORREO ELECTRONICO, MENSAJES DE WHATSAPP<\/strong>. Este mensaje y toda la informaci\u00f3n contenida en esta comunicaci\u00f3n est\u00e1n dirigidos exclusivamente a las personas cuyo correo electr\u00f3nico se encuentra en el encabezado del mensaje y a aquellas otras personas que cuenten con autorizaci\u00f3n para recibirlo. Si ha recibido este mensaje por error, le informamos que est\u00e1 estrictamente prohibido revelar su contenido, copiarlo, distribuirlo o utilizarlo de cualquier forma. La divulgaci\u00f3n de esta informaci\u00f3n podr\u00eda ser ilegal. Le solicitamos amablemente que notifique el error a la direcci\u00f3n de correo electr\u00f3nico del remitente y elimine el mensaje, as\u00ed como cualquier documento adjunto que pueda contener.<\/p>\n<p>[\/et_pb_text][et_pb_text _builder_version=&#8221;4.27.4&#8243; _module_preset=&#8221;default&#8221; theme_builder_area=&#8221;post_content&#8221; hover_enabled=&#8221;0&#8243; sticky_enabled=&#8221;0&#8243; min_height=&#8221;103.2px&#8221; custom_margin=&#8221;-23px|||||&#8221;]<\/p>\n<p style=\"text-align: justify;\">Los derechos de privacidad y confidencialidad de la informaci\u00f3n contenida en este mensaje no se ven comprometidos debido a su transmisi\u00f3n err\u00f3nea o por interferencias en los sistemas de correo y canales de comunicaci\u00f3n. Las opiniones expresadas en este mensaje son exclusivamente del remitente y no deben interpretarse necesariamente como opiniones de <strong>Global Seguros M\u00e9xico<\/strong> o de sus entidades integrantes, a menos que el remitente est\u00e9 expresamente autorizado para hacerlo o lo indique en el mensaje.<\/p>\n<p>[\/et_pb_text][et_pb_text _builder_version=&#8221;4.27.4&#8243; _module_preset=&#8221;default&#8221; theme_builder_area=&#8221;post_content&#8221; hover_enabled=&#8221;0&#8243; sticky_enabled=&#8221;0&#8243; min_height=&#8221;58.2px&#8221; custom_padding=&#8221;||0px|||&#8221; custom_margin=&#8221;-26px|||||&#8221;]<\/p>\n<p style=\"text-align: justify;\"><strong>Global Seguros M\u00e9xico<\/strong> y sus empresas integrantes no se hacen responsables por la correcta y completa transmisi\u00f3n de la informaci\u00f3n contenida en esta comunicaci\u00f3n, ni por retrasos en su recepci\u00f3n.<\/p>\n<p>[\/et_pb_text][et_pb_text _builder_version=&#8221;4.27.4&#8243; _module_preset=&#8221;default&#8221; theme_builder_area=&#8221;post_content&#8221; hover_enabled=&#8221;0&#8243; sticky_enabled=&#8221;0&#8243; min_height=&#8221;142px&#8221; custom_margin=&#8221;-25px||-1px|||&#8221;]<\/p>\n<ol>\n<li><strong>MECANISMOS PARA LIMITAR EL USO O DIVULGACION DE USO DE DATOS PERSONALES.<\/strong><\/li>\n<\/ol>\n<p style=\"text-align: justify;\">Hacemos del conocimiento de nuestros asegurados, prospectos y p\u00fabico en general que limitamos el uso de datos personales utilizando las siguientes herramientas, que son:<\/p>\n<ol>\n<li style=\"text-align: justify;\">Deshabilitamos cookies o weab beacons<\/li>\n<li style=\"text-align: justify;\">No se reciben mensajes promocionales<\/li>\n<li style=\"text-align: justify;\">Configuramos nuestras cuentas con contrase\u00f1as robustas y se cambian peri\u00f3dicamente<\/li>\n<li style=\"text-align: justify;\">Revisamos con antivirus los documentos y fotograf\u00edas que se comparten en l\u00ednea<\/li>\n<li style=\"text-align: justify;\">Administramos la configuraci\u00f3n de seguridad y privacidad de las cuentas y dispositivos del personal de <strong>Global Seguros M\u00e9xico<\/strong><\/li>\n<li style=\"text-align: justify;\">Utilizamos programas antivirus de sitios oficiales<\/li>\n<li style=\"text-align: justify;\">Utilizamos el servicio de cifrado de extremo a extremo en los medios electr\u00f3nicos.<\/li>\n<\/ol>\n<p>[\/et_pb_text][et_pb_text _builder_version=&#8221;4.27.4&#8243; _module_preset=&#8221;default&#8221; theme_builder_area=&#8221;post_content&#8221; hover_enabled=&#8221;0&#8243; sticky_enabled=&#8221;0&#8243; min_height=&#8221;58.2px&#8221; custom_padding=&#8221;||0px|||&#8221;]<\/p>\n<p style=\"text-align: justify;\">Para verificar que <strong>Laura M\u00f3nica S\u00e1nchez Valdez<\/strong> es un agente persona f\u00edsica autorizado por la CNSF, puede consultarlo en la p\u00e1gina oficial: <a href=\"https:\/\/agentesajustadores.cnsf.gob.mx\/\">https:\/\/agentesajustadores.cnsf.gob.mx\/<\/a><\/p>\n<p>[\/et_pb_text][et_pb_text _builder_version=&#8221;4.27.4&#8243; _module_preset=&#8221;default&#8221; theme_builder_area=&#8221;post_content&#8221; hover_enabled=&#8221;0&#8243; sticky_enabled=&#8221;0&#8243; min_height=&#8221;58.2px&#8221; custom_padding=&#8221;||0px|||&#8221; custom_margin=&#8221;-31px|||||&#8221;]<\/p>\n<p style=\"text-align: justify;\">Si desea conocer el aviso de privacidad completo, puede consultar nuestra p\u00e1gina web: <a href=\"http:\/\/www.globalsegurosmexico.com.mx\">www.globalsegurosmexico.com.mx<\/a><\/p>\n<p>[\/et_pb_text][et_pb_text _builder_version=&#8221;4.27.4&#8243; _module_preset=&#8221;default&#8221; theme_builder_area=&#8221;post_content&#8221; hover_enabled=&#8221;0&#8243; sticky_enabled=&#8221;0&#8243; min_height=&#8221;29.2px&#8221; custom_padding=&#8221;||0px|||&#8221; custom_margin=&#8221;-31px|||||&#8221;]<\/p>\n<p style=\"text-align: center;\"><strong>ULTIMA ACTUALIZACI\u00d3N 01 ENERO 2025<\/strong><\/p>\n<p>[\/et_pb_text][\/et_pb_column][\/et_pb_row][\/et_pb_section]<\/p>\n","protected":false},"excerpt":{"rendered":"<p>USO QUE SE LE DARA A LA INFORMACI\u00d3N PERSONAL. EN EL CORREO ELECTRONICO, MENSAJES DE WHATSAPP. Este mensaje y toda la informaci\u00f3n contenida en esta comunicaci\u00f3n est\u00e1n dirigidos exclusivamente a las personas cuyo correo electr\u00f3nico se encuentra en el encabezado del mensaje y a aquellas otras personas que cuenten con autorizaci\u00f3n para recibirlo. Si ha [&hellip;]<\/p>\n","protected":false},"author":1,"featured_media":0,"parent":0,"menu_order":0,"comment_status":"closed","ping_status":"closed","template":"","meta":{"_et_pb_use_builder":"on","_et_pb_old_content":"<!-- wp:divi\/placeholder \/-->","_et_gb_content_width":"","footnotes":""},"class_list":["post-105","page","type-page","status-publish","hentry"],"_links":{"self":[{"href":"https:\/\/www.globalsegurosmexico.com.mx\/index.php\/wp-json\/wp\/v2\/pages\/105","targetHints":{"allow":["GET"]}}],"collection":[{"href":"https:\/\/www.globalsegurosmexico.com.mx\/index.php\/wp-json\/wp\/v2\/pages"}],"about":[{"href":"https:\/\/www.globalsegurosmexico.com.mx\/index.php\/wp-json\/wp\/v2\/types\/page"}],"author":[{"embeddable":true,"href":"https:\/\/www.globalsegurosmexico.com.mx\/index.php\/wp-json\/wp\/v2\/users\/1"}],"replies":[{"embeddable":true,"href":"https:\/\/www.globalsegurosmexico.com.mx\/index.php\/wp-json\/wp\/v2\/comments?post=105"}],"version-history":[{"count":38,"href":"https:\/\/www.globalsegurosmexico.com.mx\/index.php\/wp-json\/wp\/v2\/pages\/105\/revisions"}],"predecessor-version":[{"id":303,"href":"https:\/\/www.globalsegurosmexico.com.mx\/index.php\/wp-json\/wp\/v2\/pages\/105\/revisions\/303"}],"wp:attachment":[{"href":"https:\/\/www.globalsegurosmexico.com.mx\/index.php\/wp-json\/wp\/v2\/media?parent=105"}],"curies":[{"name":"wp","href":"https:\/\/api.w.org\/{rel}","templated":true}]}}